{"id":109,"date":"2021-07-29T08:52:39","date_gmt":"2021-07-29T08:52:39","guid":{"rendered":"http:\/\/s876318823.onlinehome.fr\/?page_id=109"},"modified":"2023-09-11T14:01:36","modified_gmt":"2023-09-11T14:01:36","slug":"mention-legal","status":"publish","type":"page","link":"https:\/\/veliordeveloppement.com\/fr_fr\/mention-legal\/","title":{"rendered":"Mentions l\u00e9gales"},"content":{"rendered":"<p>[et_pb_section fb_built=\u00a0\u00bb1&Prime; admin_label=\u00a0\u00bbFAQ\u00a0\u00bb _builder_version=\u00a0\u00bb4.20.2&Prime; _module_preset=\u00a0\u00bbdefault\u00a0\u00bb background_color=\u00a0\u00bbRGBA(255,255,255,0)\u00a0\u00bb da_disable_devices=\u00a0\u00bboff|off|off\u00a0\u00bb global_colors_info=\u00a0\u00bb{}\u00a0\u00bb da_is_popup=\u00a0\u00bboff\u00a0\u00bb da_exit_intent=\u00a0\u00bboff\u00a0\u00bb da_has_close=\u00a0\u00bbon\u00a0\u00bb da_alt_close=\u00a0\u00bboff\u00a0\u00bb da_dark_close=\u00a0\u00bboff\u00a0\u00bb da_not_modal=\u00a0\u00bbon\u00a0\u00bb da_is_singular=\u00a0\u00bboff\u00a0\u00bb da_with_loader=\u00a0\u00bboff\u00a0\u00bb da_has_shadow=\u00a0\u00bbon\u00a0\u00bb][et_pb_row use_custom_gutter=\u00a0\u00bbon\u00a0\u00bb gutter_width=\u00a0\u00bb2&Prime; custom_padding_last_edited=\u00a0\u00bbon|phone\u00a0\u00bb _builder_version=\u00a0\u00bb4.16&Prime; _module_preset=\u00a0\u00bbdefault\u00a0\u00bb width=\u00a0\u00bb96%\u00a0\u00bb width_tablet=\u00a0\u00bb\u00a0\u00bb width_phone=\u00a0\u00bb90%\u00a0\u00bb width_last_edited=\u00a0\u00bbon|desktop\u00a0\u00bb max_width=\u00a0\u00bb1800px\u00a0\u00bb custom_margin_tablet=\u00a0\u00bb\u00a0\u00bb custom_margin_phone=\u00a0\u00bb|||0px|false|false\u00a0\u00bb custom_margin_last_edited=\u00a0\u00bbon|phone\u00a0\u00bb custom_padding_tablet=\u00a0\u00bb\u00a0\u00bb custom_padding_phone=\u00a0\u00bb|||0px|false|false\u00a0\u00bb module_alignment_tablet=\u00a0\u00bb\u00a0\u00bb module_alignment_phone=\u00a0\u00bb\u00a0\u00bb module_alignment_last_edited=\u00a0\u00bbon|phone\u00a0\u00bb global_colors_info=\u00a0\u00bb{}\u00a0\u00bb][et_pb_column type=\u00a0\u00bb4_4&Prime; _builder_version=\u00a0\u00bb4.16&Prime; _module_preset=\u00a0\u00bbdefault\u00a0\u00bb global_colors_info=\u00a0\u00bb{}\u00a0\u00bb][et_pb_text quote_border_color=\u00a0\u00bb#C48C49&Prime; _builder_version=\u00a0\u00bb4.21.0&Prime; _module_preset=\u00a0\u00bb7d4a8cbc-5ddd-46c9-be95-23498c921cdd\u00a0\u00bb text_text_color=\u00a0\u00bb#000000&Prime; text_font_size=\u00a0\u00bb15px\u00a0\u00bb text_letter_spacing=\u00a0\u00bb1px\u00a0\u00bb quote_font=\u00a0\u00bb||||||||\u00a0\u00bb quote_text_color=\u00a0\u00bb#742020&Prime; quote_font_size=\u00a0\u00bb18px\u00a0\u00bb quote_letter_spacing=\u00a0\u00bb1px\u00a0\u00bb header_font=\u00a0\u00bbRaleway vf|700|||||||\u00a0\u00bb header_text_color=\u00a0\u00bb#742020&Prime; header_line_height=\u00a0\u00bb1.6em\u00a0\u00bb header_2_font=\u00a0\u00bbRaleway||||||||\u00a0\u00bb header_2_text_color=\u00a0\u00bb#000000&Prime; header_2_font_size=\u00a0\u00bb30px\u00a0\u00bb header_2_letter_spacing=\u00a0\u00bb1px\u00a0\u00bb header_2_line_height=\u00a0\u00bb1.1em\u00a0\u00bb header_3_font=\u00a0\u00bb|600|||||||\u00a0\u00bb header_3_text_color=\u00a0\u00bb#C48C49&Prime; header_3_font_size=\u00a0\u00bb25px\u00a0\u00bb header_3_line_height=\u00a0\u00bb1.6em\u00a0\u00bb header_4_font=\u00a0\u00bbRaleway vf|600|||||||\u00a0\u00bb header_4_text_color=\u00a0\u00bb#C48C49&Prime; header_4_font_size=\u00a0\u00bb25px\u00a0\u00bb header_4_line_height=\u00a0\u00bb1.6em\u00a0\u00bb header_5_font=\u00a0\u00bbRaleway|600|||||||\u00a0\u00bb header_5_text_color=\u00a0\u00bb#C48C49&Prime; header_5_line_height=\u00a0\u00bb1.6em\u00a0\u00bb header_6_font=\u00a0\u00bbRaleway|600|||||||\u00a0\u00bb header_6_text_color=\u00a0\u00bb#C48C49&Prime; header_6_line_height=\u00a0\u00bb1.6em\u00a0\u00bb text_orientation=\u00a0\u00bbcenter\u00a0\u00bb width=\u00a0\u00bb100%\u00a0\u00bb width_tablet=\u00a0\u00bb\u00a0\u00bb width_phone=\u00a0\u00bb\u00a0\u00bb width_last_edited=\u00a0\u00bbon|desktop\u00a0\u00bb max_width=\u00a0\u00bb1200px\u00a0\u00bb max_width_tablet=\u00a0\u00bb\u00a0\u00bb max_width_phone=\u00a0\u00bb\u00a0\u00bb max_width_last_edited=\u00a0\u00bbon|desktop\u00a0\u00bb module_alignment=\u00a0\u00bbcenter\u00a0\u00bb quote_font_size_tablet=\u00a0\u00bb\u00a0\u00bb quote_font_size_phone=\u00a0\u00bb\u00a0\u00bb quote_font_size_last_edited=\u00a0\u00bbon|phone\u00a0\u00bb header_2_font_tablet=\u00a0\u00bb\u00a0\u00bb header_2_font_phone=\u00a0\u00bb\u00a0\u00bb header_2_font_last_edited=\u00a0\u00bbon|phone\u00a0\u00bb header_2_font_size_tablet=\u00a0\u00bb30px\u00a0\u00bb header_2_font_size_phone=\u00a0\u00bb18px\u00a0\u00bb header_2_font_size_last_edited=\u00a0\u00bbon|phone\u00a0\u00bb header_2_line_height_tablet=\u00a0\u00bb1.3em\u00a0\u00bb header_2_line_height_phone=\u00a0\u00bb1.4em\u00a0\u00bb header_2_line_height_last_edited=\u00a0\u00bbon|phone\u00a0\u00bb header_4_font_size_tablet=\u00a0\u00bb20px\u00a0\u00bb header_4_font_size_phone=\u00a0\u00bb20px\u00a0\u00bb header_4_font_size_last_edited=\u00a0\u00bbon|phone\u00a0\u00bb locked=\u00a0\u00bboff\u00a0\u00bb global_colors_info=\u00a0\u00bb{}\u00a0\u00bb]<\/p>\n<h2>Mentions l\u00e9gales<\/h2>\n<p>[\/et_pb_text][et_pb_accordion open_toggle_text_color=\u00a0\u00bb#742020&Prime; closed_toggle_text_color=\u00a0\u00bb#912c12&Prime; closed_toggle_background_color=\u00a0\u00bbrgba(0,0,0,0)\u00a0\u00bb icon_color=\u00a0\u00bb#40ad7f\u00a0\u00bb _builder_version=\u00a0\u00bb4.22.1&Prime; _module_preset=\u00a0\u00bbdefault\u00a0\u00bb toggle_text_color=\u00a0\u00bb#000000&Prime; toggle_font=\u00a0\u00bbRaleway|700|||||||\u00a0\u00bb toggle_font_size=\u00a0\u00bb15px\u00a0\u00bb toggle_line_height=\u00a0\u00bb1.8em\u00a0\u00bb closed_toggle_font=\u00a0\u00bbRaleway||||||||\u00a0\u00bb closed_toggle_line_height=\u00a0\u00bb1.8em\u00a0\u00bb body_text_color=\u00a0\u00bb#000000&Prime; body_font_size=\u00a0\u00bb16px\u00a0\u00bb body_link_text_color=\u00a0\u00bb#742020&Prime; max_width=\u00a0\u00bb1200px\u00a0\u00bb max_width_tablet=\u00a0\u00bb\u00a0\u00bb max_width_phone=\u00a0\u00bb\u00a0\u00bb max_width_last_edited=\u00a0\u00bbon|desktop\u00a0\u00bb module_alignment=\u00a0\u00bbcenter\u00a0\u00bb hover_enabled=\u00a0\u00bb0&Prime; toggle_font_size_tablet=\u00a0\u00bb18px\u00a0\u00bb toggle_font_size_phone=\u00a0\u00bb16px\u00a0\u00bb toggle_font_size_last_edited=\u00a0\u00bbon|desktop\u00a0\u00bb closed_toggle_font_size_tablet=\u00a0\u00bb\u00a0\u00bb closed_toggle_font_size_phone=\u00a0\u00bb14px\u00a0\u00bb closed_toggle_font_size_last_edited=\u00a0\u00bbon|phone\u00a0\u00bb border_color_all=\u00a0\u00bbrgba(187,164,134,0.48)\u00a0\u00bb global_colors_info=\u00a0\u00bb{}\u00a0\u00bb sticky_enabled=\u00a0\u00bb0&Prime;][et_pb_accordion_item title=\u00a0\u00bbPr\u00e9ambule \u00a0\u00bb open_toggle_text_color=\u00a0\u00bb#70BA9E\u00a0\u00bb _builder_version=\u00a0\u00bb4.22.1&Prime; _module_preset=\u00a0\u00bbdefault\u00a0\u00bb body_line_height=\u00a0\u00bb1.3em\u00a0\u00bb background_color=\u00a0\u00bbRGBA(255,255,255,0)\u00a0\u00bb background_enable_color=\u00a0\u00bbon\u00a0\u00bb hover_enabled=\u00a0\u00bb0&Prime; global_colors_info=\u00a0\u00bb{}\u00a0\u00bb toggle_text_color=\u00a0\u00bb#912c12&Prime; open=\u00a0\u00bbon\u00a0\u00bb sticky_enabled=\u00a0\u00bb0&Prime;]<\/p>\n<p>Velior D\u00e9veloppement (Velior Dev.) s\u2019engage \u00e0 offrir le meilleur niveau de s\u00e9curit\u00e9 informatique dans le cadre de la navigation sur son site web. Il s\u2019agit de la consultation du site et des liens qui seront cr\u00e9\u00e9s sur le site.<br \/>En assurant la protection des donn\u00e9es personnelles et en apportant simplicit\u00e9, clart\u00e9 et transparence, Velior D\u00e9veloppement (Velior Dev.) souhaite traiter les donn\u00e9es personnelles avec respect et exemplarit\u00e9 dans le cadre de relations de confiance.<br \/>Velior D\u00e9veloppement (Velior Dev.) visent \u00e0 d\u00e9velopper ses services dans un environnement qui conna\u00eet des mutations acc\u00e9l\u00e9r\u00e9es tant sur le plan technique que r\u00e9glementaire. La protection des donn\u00e9es est ainsi une exigence et une priorit\u00e9 pour Velior D\u00e9veloppement (Velior Dev.). Ayant int\u00e9gr\u00e9 l\u2019\u00e9volution constante des menaces et des risques de s\u00e9curit\u00e9, Velior D\u00e9veloppement (Velior Dev.) met la s\u00e9curit\u00e9 de ses transactions au quotidien au c\u0153ur de ses pr\u00e9occupations.<br \/>Nous pourrons mettre \u00e0 jour cette d\u00e9claration de confidentialit\u00e9 afin de refl\u00e9ter les changements de nos pratiques d\u2019information. Si nous apportions des changements importants, nous vous en informerions par courriel (\u00e0 l\u2019adresse de courriel indiqu\u00e9e dans votre compte) ou au moyen d\u2019un avis sur ce site avant que le changement ne devienne effectif.<br \/>Nous vous encourageons \u00e0 consulter r\u00e9guli\u00e8rement cette page pour conna\u00eetre les derni\u00e8res informations sur nos pratiques en mati\u00e8re de confidentialit\u00e9.<br \/>Cette politique s\u2019applique \u00e0 l\u2019ensemble des \u00e9quipes de Velior D\u00e9veloppement (Velior Dev.).<\/p>\n<p>[\/et_pb_accordion_item][et_pb_accordion_item title=\u00a0\u00bbComment exercer vos droits ? \u00a0\u00bb _builder_version=\u00a0\u00bb4.22.1&Prime; _module_preset=\u00a0\u00bbdefault\u00a0\u00bb body_line_height=\u00a0\u00bb1.3em\u00a0\u00bb hover_enabled=\u00a0\u00bb0&Prime; global_colors_info=\u00a0\u00bb{}\u00a0\u00bb toggle_text_color=\u00a0\u00bb#70BA9E\u00a0\u00bb open=\u00a0\u00bboff\u00a0\u00bb open_toggle_text_color=\u00a0\u00bb#70BA9E\u00a0\u00bb sticky_enabled=\u00a0\u00bb0&Prime;]<\/p>\n<p>Conform\u00e9ment \u00e0 la r\u00e9glementation applicable en mati\u00e8re de protection des donn\u00e9es, vous disposez des droits suivants :<\/p>\n<ul>\n<li style=\"list-style-type: none;\">\n<ul>\n<li style=\"list-style-type: none;\">\n<ul>\n<li>d&rsquo;un droit d&rsquo;acc\u00e8s et de communication sur les informations vous concernant et les traitements associ\u00e9s ;<\/li>\n<li>d&rsquo;un droit de rectification avec une possibilit\u00e9 de compl\u00e9ter et de mettre \u00e0 jour vos informations ;<\/li>\n<li>d\u2019un droit \u00e0 la portabilit\u00e9 afin de transmettre les informations concernant la personne en faisant la demande \u00e0 un tiers lorsque cela est techniquement possible, \u00e9tant pr\u00e9cis\u00e9 que ce droit n\u2019est applicable qu\u2019aux donn\u00e9es fournies directement par la personne ;<\/li>\n<li>d\u2019un droit \u00e0 la d\u00e9termination du sort de vos donn\u00e9es en cas de d\u00e9c\u00e8s ;<\/li>\n<li>d\u2019un droit d\u2019effacement des donn\u00e9es ;<\/li>\n<li>d\u2019un droit \u00e0 la limitation du traitement qui vous est relatif ;<\/li>\n<li>d&rsquo;un droit d&rsquo;opposition au traitement ;<\/li>\n<li>d\u2019un droit au retrait du consentement pour l\u2019utilisation de vos donn\u00e9es.<\/li>\n<\/ul>\n<\/li>\n<\/ul>\n<\/li>\n<\/ul>\n<p>Nous portons \u00e0 votre connaissance le fait que lorsque la loi l\u2019impose, dans le cas du respect de ses obligations contractuelles, de l\u2019int\u00e9r\u00eat public, ou l\u2019int\u00e9r\u00eat l\u00e9gitime, Velior D\u00e9veloppement (Velior Dev.) se r\u00e9serve \u00e0 titre exceptionnel le droit de ne pas honorer certains contenus de demandes (li\u00e9s \u00e0 une demande de suppression, de limitation, et d\u2019opposition).<\/p>\n<p>Par ailleurs, dans les cas de demandes manifestement infond\u00e9es ou excessives, notamment en raison de leur caract\u00e8re r\u00e9p\u00e9titif Velior D\u00e9veloppement (Velior Dev.) peut soit :<\/p>\n<ul>\n<li style=\"list-style-type: none;\">\n<ul>\n<li style=\"list-style-type: none;\">\n<ul>\n<li>exiger le paiement de frais raisonnables qui tiennent compte des co\u00fbts administratifs support\u00e9s pour fournir les informations, proc\u00e9der aux communications ou prendre les mesures demand\u00e9es ;<br \/>refuser de donner suite \u00e0 ces demandes.<\/li>\n<li>Toutefois, il incombe \u00e0 Velior D\u00e9veloppement (Velior Dev.) de d\u00e9montrer le caract\u00e8re manifestement infond\u00e9 ou excessif de ces demandes.<\/li>\n<\/ul>\n<\/li>\n<\/ul>\n<\/li>\n<\/ul>\n<p>[\/et_pb_accordion_item][et_pb_accordion_item title=\u00a0\u00bbComment connectons-nous vos donn\u00e9es personnelles ? \u00a0\u00bb _builder_version=\u00a0\u00bb4.22.1&Prime; _module_preset=\u00a0\u00bbdefault\u00a0\u00bb body_line_height=\u00a0\u00bb1.3em\u00a0\u00bb hover_enabled=\u00a0\u00bb0&Prime; global_colors_info=\u00a0\u00bb{}\u00a0\u00bb toggle_text_color=\u00a0\u00bb#70BA9E\u00a0\u00bb open=\u00a0\u00bboff\u00a0\u00bb sticky_enabled=\u00a0\u00bb0&Prime;]<\/p>\n<p>Dans le cadre de la r\u00e9alisation de ses activit\u00e9s, Velior D\u00e9veloppement (Velior Dev.) collecte et traite certaines de vos donn\u00e9es personnelles. La communication de vos donn\u00e9es personnelles est volontaire et ne constitue pas une condition d\u2019utilisation du site. Ces donn\u00e9es personnelles sont recueillies directement aupr\u00e8s de vous, ou indirectement.<\/p>\n<p>Par exemple, Velior D\u00e9veloppement (Velior Dev.) collecte des informations vous concernant :<\/p>\n<p>\u25cf Lorsque vous naviguez sur notre site, y compris sur la version mobile ;<br \/>\u25cf Lorsque vous vous inscrivez \u00e0 des newsletters, \u00e0 des alertes, ou \u00e0 des concours ;<br \/>\u25cf Lorsque vous vous inscrivez \u00e0 des conf\u00e9rences ou \u00e9v\u00e8nements ;<br \/>\u25cf Lorsque vous demandez le t\u00e9l\u00e9chargement d\u2019une \u00e9tude sur le site ;<br \/>\u25cf Lorsque vous vous enregistrez pour d\u00e9poser des candidatures sur le portail de recrutement de Velior D\u00e9veloppement (Velior Dev.).<\/p>\n<p>[\/et_pb_accordion_item][et_pb_accordion_item title=\u00a0\u00bbDirecteur de la publication \u00a0\u00bb open=\u00a0\u00bboff\u00a0\u00bb _builder_version=\u00a0\u00bb4.22.1&Prime; _module_preset=\u00a0\u00bbdefault\u00a0\u00bb body_line_height=\u00a0\u00bb1.3em\u00a0\u00bb hover_enabled=\u00a0\u00bb0&Prime; global_colors_info=\u00a0\u00bb{}\u00a0\u00bb toggle_text_color=\u00a0\u00bb#912c12&Prime; closed_toggle_text_color=\u00a0\u00bb#70BA9E\u00a0\u00bb sticky_enabled=\u00a0\u00bb0&Prime;]<\/p>\n<div><span>Le directeur de la publication du site web <a href=\"https:\/\/veliordeveloppement.com\/\">https:\/\/veliordeveloppement.com\/<\/a> est D\u00e9sir\u00e9 D. BANKOLE en qualit\u00e9 d\u2019Administrateur g\u00e9n\u00e9ral-Fondateur.<\/span><\/div>\n<div><\/div>\n<p>[\/et_pb_accordion_item][et_pb_accordion_item title=\u00a0\u00bbH\u00e9bergement \u00a0\u00bb _builder_version=\u00a0\u00bb4.22.1&Prime; _module_preset=\u00a0\u00bbdefault\u00a0\u00bb body_line_height=\u00a0\u00bb1.3em\u00a0\u00bb hover_enabled=\u00a0\u00bb0&Prime; global_colors_info=\u00a0\u00bb{}\u00a0\u00bb toggle_text_color=\u00a0\u00bb#912c12&Prime; open=\u00a0\u00bboff\u00a0\u00bb closed_toggle_text_color=\u00a0\u00bb#70BA9E\u00a0\u00bb sticky_enabled=\u00a0\u00bb0&Prime;]<\/p>\n<p>1&amp;1 IONOS SARL<br \/>7, place de la Gare<br \/>BP 70109<br \/>57200 Sarreguemines C<\/p>\n<p>IONOS cloud<br \/>Elgendorfer Str. 57<br \/>56410 Montabaur, Allemagne<\/p>\n<p>Contact<br \/>1&amp;1 IONOS SARL:<br \/>Vous pouvez joindre notre service client\u00e8le par t\u00e9l\u00e9phone 24h\/24, 7j\/7 au 0970 808 911 (appel non surtax\u00e9) ou par e-mail \u00e0 l\u2019adresse suivante: info@ionos.fr<\/p>\n<p>IONOS cloud:<br \/>Vous pouvez joindre notre service client\u00e8le par t\u00e9l\u00e9phone au +49 30 57700 850 ou par e-mail \u00e0 l\u2019adresse suivante: info@cloud.ionos.de<\/p>\n<p>[\/et_pb_accordion_item][et_pb_accordion_item title=\u00a0\u00bbAttribution de comp\u00e9tence \u2013 Droit applicable \u2013 Traitement des r\u00e9clamations \u2013 M\u00e9diation\u00a0\u00bb _builder_version=\u00a0\u00bb4.22.1&Prime; _module_preset=\u00a0\u00bbdefault\u00a0\u00bb body_line_height=\u00a0\u00bb1.3em\u00a0\u00bb hover_enabled=\u00a0\u00bb0&Prime; global_colors_info=\u00a0\u00bb{}\u00a0\u00bb toggle_text_color=\u00a0\u00bb#912c12&Prime; open=\u00a0\u00bboff\u00a0\u00bb closed_toggle_text_color=\u00a0\u00bb#70BA9E\u00a0\u00bb sticky_enabled=\u00a0\u00bb0&Prime;]<\/p>\n<p>Comment exercer vos droits ?<\/p>\n<p>Vous pouvez exercer vos droits, en joignant \u00e0 votre demande une copie d\u2019un titre d\u2019identit\u00e9 soit :<\/p>\n<p>\u25cf par voie postale, \u00e0 l\u2019adresse :<br \/>Velior D\u00e9veloppement<br \/>01 BP 3187, Abidjan 01 \u2013 C\u00f4te d\u2019Ivoire<br \/>\u25cf par courrier \u00e9lectronique : courrier@veliordev.com<\/p>\n<p>Velior D\u00e9veloppement (Velior Dev.) dispose d\u2019un d\u00e9lai d\u2019un mois pour vous r\u00e9pondre. En cas de demande complexe ou d\u2019un nombre important de demandes, ce d\u00e9lai pourra \u00eatre port\u00e9 \u00e0 trois mois. Le cas \u00e9ch\u00e9ant, Velior D\u00e9veloppement (Velior Dev.) vous en informera.<\/p>\n<p>Si malgr\u00e9 toute l\u2019attention que Velior D\u00e9veloppement (Velior Dev.) porte au traitement de vos donn\u00e9es, vous constatez que Velior D\u00e9veloppement (Velior Dev.) n\u2019apporte pas satisfaction \u00e0 votre demande, vous pouvez adresser une r\u00e9clamation aupr\u00e8s de la CNIL (Commission Nationale de l\u2019Informatique et des Libert\u00e9s) : www.cnil.fr ; 3 Place de Fontenoy &#8211; TSA 80715 &#8211; 75334 PARIS CEDEX 07.<\/p>\n<p>[\/et_pb_accordion_item][et_pb_accordion_item title=\u00a0\u00bbReproduction &#8211; Informations &#8211; Cr\u00e9ation de liens \u00a0\u00bb _builder_version=\u00a0\u00bb4.22.1&Prime; _module_preset=\u00a0\u00bbdefault\u00a0\u00bb body_line_height=\u00a0\u00bb1.3em\u00a0\u00bb hover_enabled=\u00a0\u00bb0&Prime; global_colors_info=\u00a0\u00bb{}\u00a0\u00bb toggle_text_color=\u00a0\u00bb#912c12&Prime; open=\u00a0\u00bboff\u00a0\u00bb closed_toggle_text_color=\u00a0\u00bb#70BA9E\u00a0\u00bb sticky_enabled=\u00a0\u00bb0&Prime;]<\/p>\n<p>Reproduction :<br \/>Toute reproduction ou repr\u00e9sentation, en tout ou partie, \u00e0 d\u2019autres fins sur un quelconque support, est interdite sans l\u2019autorisation expresse et pr\u00e9alable de D\u00e9sir\u00e9 D. BANKOL\u00c9 et constituerait une contrefa\u00e7on au sens des articles L 335-2 et suivants du code de la propri\u00e9t\u00e9 intellectuelle. Le non-respect de cette interdiction constitue une contrefa\u00e7on pouvant engager la responsabilit\u00e9 civile et p\u00e9nale du contrefacteur.<\/p>\n<p>Informations :<br \/>Les informations contenues dans ce service sont non contractuelles et sujettes \u00e0 modification sans pr\u00e9avis. Les liens hypertextes mis en \u0153uvre au sein du site webessentiel.fr en direction d\u2019autres sites et d\u2019une mani\u00e8re g\u00e9n\u00e9rale vers toutes ressources existantes sur internet ne sauraient engager aucune responsabilit\u00e9 de la part du directeru de la publication ou du cr\u00e9ateur du site.<\/p>\n<p>Cr\u00e9ation de liens :<br \/>Level up tech consulting doit n\u00e9cessiter un accord pr\u00e9alable par \u00e9crit ou par demande par mail de la mise en place d\u2019un lien hypertexte pointant vers son contenu, sous r\u00e9serve de mentionner la source qui pointera gr\u00e2ce \u00e0 un lien hypertexte directement sur le contenu vis\u00e9. Le lien sera valid\u00e9 par un retour \u00e9crit ou par un mail \u00e0 contact@level-up-tech-consulting.<\/p>\n<blockquote>\n<p>&nbsp;<\/p>\n<\/blockquote>\n<p>[\/et_pb_accordion_item][et_pb_accordion_item title=\u00a0\u00bbLiens vers d&rsquo;autres sites\u00a0\u00bb _builder_version=\u00a0\u00bb4.22.1&Prime; _module_preset=\u00a0\u00bbdefault\u00a0\u00bb body_line_height=\u00a0\u00bb1.3em\u00a0\u00bb hover_enabled=\u00a0\u00bb0&Prime; global_colors_info=\u00a0\u00bb{}\u00a0\u00bb toggle_text_color=\u00a0\u00bb#912c12&Prime; open=\u00a0\u00bboff\u00a0\u00bb closed_toggle_text_color=\u00a0\u00bb#70BA9E\u00a0\u00bb sticky_enabled=\u00a0\u00bb0&Prime;]<\/p>\n<p>Ce site Web contient des liens vers d\u2019autres sites qui ne sont pas la propri\u00e9t\u00e9 de Velior D\u00e9veloppement ni ne sont contr\u00f4l\u00e9s directement par celui-ci. Velior D\u00e9veloppement ne saura, en aucun cas, \u00eatre rendu responsable des pratiques de confidentialit\u00e9 de ces autres sites. Nous vous encourageons \u00e0 lire les politiques de confidentialit\u00e9 de chaque site Web auquel vous fournissez des informations personnelles, \u00e0 partir du site de Velior D\u00e9veloppement.<\/p>\n<blockquote>\n<p>&nbsp;<\/p>\n<\/blockquote>\n<p>[\/et_pb_accordion_item][\/et_pb_accordion][\/et_pb_column][\/et_pb_row][\/et_pb_section]<\/p>\n","protected":false},"excerpt":{"rendered":"<p>Mentions l\u00e9galesVelior D\u00e9veloppement (Velior Dev.) s\u2019engage \u00e0 offrir le meilleur niveau de s\u00e9curit\u00e9 informatique dans le cadre de la navigation sur son site web. Il s\u2019agit de la consultation du site et des liens qui seront cr\u00e9\u00e9s sur le site.En assurant la protection des donn\u00e9es personnelles et en apportant simplicit\u00e9, clart\u00e9 et transparence, Velior D\u00e9veloppement [&hellip;]<\/p>\n","protected":false},"author":10,"featured_media":0,"parent":0,"menu_order":0,"comment_status":"closed","ping_status":"closed","template":"","meta":{"_et_pb_use_builder":"on","_et_pb_old_content":"","_et_gb_content_width":"","footnotes":""},"class_list":["post-109","page","type-page","status-publish","hentry"],"_links":{"self":[{"href":"https:\/\/veliordeveloppement.com\/fr_fr\/wp-json\/wp\/v2\/pages\/109","targetHints":{"allow":["GET"]}}],"collection":[{"href":"https:\/\/veliordeveloppement.com\/fr_fr\/wp-json\/wp\/v2\/pages"}],"about":[{"href":"https:\/\/veliordeveloppement.com\/fr_fr\/wp-json\/wp\/v2\/types\/page"}],"author":[{"embeddable":true,"href":"https:\/\/veliordeveloppement.com\/fr_fr\/wp-json\/wp\/v2\/users\/10"}],"replies":[{"embeddable":true,"href":"https:\/\/veliordeveloppement.com\/fr_fr\/wp-json\/wp\/v2\/comments?post=109"}],"version-history":[{"count":23,"href":"https:\/\/veliordeveloppement.com\/fr_fr\/wp-json\/wp\/v2\/pages\/109\/revisions"}],"predecessor-version":[{"id":3767,"href":"https:\/\/veliordeveloppement.com\/fr_fr\/wp-json\/wp\/v2\/pages\/109\/revisions\/3767"}],"wp:attachment":[{"href":"https:\/\/veliordeveloppement.com\/fr_fr\/wp-json\/wp\/v2\/media?parent=109"}],"curies":[{"name":"wp","href":"https:\/\/api.w.org\/{rel}","templated":true}]}}